{"id":14798,"date":"2025-12-08T09:15:19","date_gmt":"2025-12-08T08:15:19","guid":{"rendered":"https:\/\/setah.be\/?page_id=14798"},"modified":"2025-12-08T09:15:20","modified_gmt":"2025-12-08T08:15:20","slug":"mentions-legales","status":"publish","type":"page","link":"https:\/\/setah.be\/index.php\/mentions-legales\/","title":{"rendered":"Mentions L\u00e9gales"},"content":{"rendered":"\n<h1 class=\"wp-block-heading\">Editeur et h\u00e9bergeur du&nbsp;site&nbsp;:<\/h1>\n\n\n\n<p>La Province de Hainaut, inscrite \u00e0 la BCE sous le n\u00b0 0207.656.610, dont les bureaux sont \u00e9tablis \u00e0 7000 MONS &#8211; 13 rue Verte, repr\u00e9sent\u00e9e par le Directeur g\u00e9n\u00e9ral provincial Sylvain UYSTPRUYST&nbsp;<strong>: E-Mail :&nbsp;<u><a href=\"mailto:info@hainaut-developpement.be\">info@hainaut-developpement.be<\/a><\/u>&nbsp;T\u00e9l\u00e9phone : +32 65 34 25&nbsp;00<\/strong><\/p>\n\n\n\n<h1 class=\"wp-block-heading\">Responsabilit\u00e9 :<\/h1>\n\n\n\n<p>Le pr\u00e9sent site a pour vocation de fournir des informations g\u00e9n\u00e9rales concernant la Province de Hainaut, ses organismes associ\u00e9s et leurs activit\u00e9s respectives. Les informations diffus\u00e9es le sont \u00e0 titre purement informatif. Bien que la Province de Hainaut s\u2019efforce d\u2019assurer l\u2019exactitude et la mise \u00e0 jour des contenus publi\u00e9s, elle ne peut garantir que le site soit exhaustif et que toutes les informations fournies soient compl\u00e8tes. Elle ne saurait donc \u00eatre tenue responsable d\u2019\u00e9ventuelles omissions, erreurs ou lacunes.<\/p>\n\n\n\n<p>Le site peut inclure des liens hypertextes vers des sites \/ r\u00e9seaux sociaux de tiers sur lesquels la Province de Hainaut n\u2019exerce aucun contr\u00f4le. En cons\u00e9quence, elle d\u00e9cline toute responsabilit\u00e9 quant au contenu, \u00e0 l\u2019exactitude ou \u00e0 la l\u00e9galit\u00e9 des informations diffus\u00e9es sur ces sites \/ r\u00e9seaux sociaux externes.<\/p>\n\n\n\n<p>La Province s\u2019emploie \u00e0 \u00e9viter autant que possible des interruptions dues \u00e0 des probl\u00e8mes techniques mais ne peut n\u00e9anmoins pas garantir que ses sites et applications soient tout \u00e0 fait \u00e0 l\u2019abri d\u2019interruptions ou touch\u00e9s par d\u2019autres probl\u00e8mes techniques.<\/p>\n\n\n\n<p>Enfin, la Province de Hainaut ne pourra \u00eatre tenue responsable d\u2019un dommage quelconque, direct ou indirect, en cas d\u2019interruption, de bug, ou d\u2019inaccessibilit\u00e9 temporaire du&nbsp;site.<\/p>\n\n\n\n<h1 class=\"wp-block-heading\">Propri\u00e9t\u00e9 intellectuelle \/ Droit d\u2019auteur :<\/h1>\n\n\n\n<p>L\u2019ensemble du contenu pr\u00e9sent sur ce site (textes, images \/ photos \/ vid\u00e9os, graphismes, logos, noms commerciaux, architecture du site, code, etc.) est la propri\u00e9t\u00e9 exclusive de la Province de Hainaut, sauf mention contraire. La Province veille \u00e0 obtenir les autorisations requises en mati\u00e8re de droit d\u2019auteur et propri\u00e9t\u00e9 intellectuelle et encourage ses partenaires \u00e0 faire de&nbsp;m\u00eame.<\/p>\n\n\n\n<p>Sauf approbation pr\u00e9alable et \u00e9crite de la Province de Hainaut, toute reproduction ou utilisation non autoris\u00e9es de ce site et de son contenu est interdite et engage la responsabilit\u00e9 civile et\/ou p\u00e9nale de l\u2019utilisateur.<\/p>\n\n\n\n<p>Des extraits limit\u00e9s du contenu de ce site peuvent toutefois \u00eatre utilis\u00e9s sans autorisation pr\u00e9alable, moyennant mention explicite et claire de la source et d\u2019un lien avec la page d\u2019accueil du site de la Province de Hainaut (<a href=\"https:\/\/www.hainaut.be\/)\">https:\/\/www.hainaut.be\/).<\/a>&nbsp;En aucun cas cette publication ne peut \u00eatre r\u00e9mun\u00e9r\u00e9e, de quelque fa\u00e7on que ce&nbsp;soit.<\/p>\n\n\n\n<p>Toute reproduction, adaptation, modification partielle ou retransmission via la TV, le c\u00e2ble ou en ligne des \u0153uvres du r\u00e9pertoire SABAM est interdite, sauf autorisation pr\u00e9alable de la SABAM, Soci\u00e9t\u00e9 belge des auteurs, compositeurs et \u00e9diteurs, Rue des Deux Eglises 41-43 \u00e0 1000 Bruxelles. (02\/286.84.84)<\/p>\n\n\n\n<h1 class=\"wp-block-heading\">L\u2019intelligence artificielle (IA) :<\/h1>\n\n\n\n<p>La Province souhaite encadrer les pratiques li\u00e9es \u00e0 l\u2019utilisation de l\u2019IA et a valid\u00e9 un guide de bonnes pratiques destin\u00e9 \u00e0 accompagner ses agents dans leurs usages professionnels de l\u2019IA. Il a pour objectif de&nbsp;<strong><u>sensibiliser<\/u>&nbsp;aux enjeux \u00e9thiques, juridiques et organisationnels<\/strong>, et d\u2019encourager une utilisation&nbsp;<strong>responsable, encadr\u00e9e et proportionn\u00e9e<\/strong>.<\/p>\n\n\n\n<p>Comme :<\/p>\n\n\n\n<ul class=\"wp-block-list\">\n<li>Ne pas introduire de donn\u00e9es sensibles au sens\u00a0large<\/li>\n\n\n\n<li>Consid\u00e9rer l\u2019IA comme un\u00a0<strong>appui ponctuel\u00a0<\/strong>\u00e0 la r\u00e9daction, \u00e0 l\u2019analyse, etc. , et non comme une d\u00e9l\u00e9gation<\/li>\n<\/ul>\n\n\n\n<p>compl\u00e8te de la&nbsp;t\u00e2che<\/p>\n\n\n\n<ul class=\"wp-block-list\">\n<li>Toujours soumettre les r\u00e9sultats g\u00e9n\u00e9r\u00e9s \u00e0 un contr\u00f4le humain, une validation pr\u00e9alable avant publication, diffusion<\/li>\n\n\n\n<li>Pr\u00e9ciser explicitement l\u2019origine de l\u2019IA.<\/li>\n<\/ul>\n\n\n\n<h1 class=\"wp-block-heading\">Droit applicable et tribunal comp\u00e9tent&nbsp;:<\/h1>\n\n\n\n<p>En utilisant ce site web, vous marquez votre accord avec le fait que seuls les cours et tribunaux de Mons sont comp\u00e9tents en cas de litige et que seul le droit belge s\u2019applique.<\/p>\n","protected":false},"excerpt":{"rendered":"<p>Editeur et h\u00e9bergeur du&nbsp;site&nbsp;: La Province de Hainaut, inscrite \u00e0 la BCE sous le n\u00b0 0207.656.610, dont les bureaux sont \u00e9tablis \u00e0 7000 MONS &#8211; 13 rue Verte, repr\u00e9sent\u00e9e par le Directeur g\u00e9n\u00e9ral provincial Sylvain UYSTPRUYST&nbsp;: E-Mail :&nbsp;info@hainaut-developpement.be&nbsp;T\u00e9l\u00e9phone : +32 65 34 25&nbsp;00 Responsabilit\u00e9 : Le pr\u00e9sent site a pour vocation de fournir des informations [&hellip;]<\/p>\n","protected":false},"author":1,"featured_media":0,"parent":0,"menu_order":0,"comment_status":"closed","ping_status":"closed","template":"","meta":{"footnotes":""},"class_list":["post-14798","page","type-page","status-publish","hentry"],"yoast_head":"<!-- This site is optimized with the Yoast SEO plugin v27.4 - https:\/\/yoast.com\/product\/yoast-seo-wordpress\/ -->\n<title>Mentions L\u00e9gales - SETAH<\/title>\n<meta name=\"robots\" content=\"index, follow, max-snippet:-1, max-image-preview:large, max-video-preview:-1\" \/>\n<link rel=\"canonical\" href=\"https:\/\/setah.be\/index.php\/mentions-legales\/\" \/>\n<meta property=\"og:locale\" content=\"fr_FR\" \/>\n<meta property=\"og:type\" content=\"article\" \/>\n<meta property=\"og:title\" content=\"Mentions L\u00e9gales - SETAH\" \/>\n<meta property=\"og:description\" content=\"Editeur et h\u00e9bergeur du&nbsp;site&nbsp;: La Province de Hainaut, inscrite \u00e0 la BCE sous le n\u00b0 0207.656.610, dont les bureaux sont \u00e9tablis \u00e0 7000 MONS &#8211; 13 rue Verte, repr\u00e9sent\u00e9e par le Directeur g\u00e9n\u00e9ral provincial Sylvain UYSTPRUYST&nbsp;: E-Mail :&nbsp;info@hainaut-developpement.be&nbsp;T\u00e9l\u00e9phone : +32 65 34 25&nbsp;00 Responsabilit\u00e9 : Le pr\u00e9sent site a pour vocation de fournir des informations [&hellip;]\" \/>\n<meta property=\"og:url\" content=\"https:\/\/setah.be\/index.php\/mentions-legales\/\" \/>\n<meta property=\"og:site_name\" content=\"SETAH\" \/>\n<meta property=\"article:modified_time\" content=\"2025-12-08T08:15:20+00:00\" \/>\n<meta name=\"twitter:card\" content=\"summary_large_image\" \/>\n<meta name=\"twitter:label1\" content=\"Dur\u00e9e de lecture estim\u00e9e\" \/>\n\t<meta name=\"twitter:data1\" content=\"3 minutes\" \/>\n<script type=\"application\/ld+json\" class=\"yoast-schema-graph\">{\"@context\":\"https:\\\/\\\/schema.org\",\"@graph\":[{\"@type\":\"WebPage\",\"@id\":\"https:\\\/\\\/setah.be\\\/index.php\\\/mentions-legales\\\/\",\"url\":\"https:\\\/\\\/setah.be\\\/index.php\\\/mentions-legales\\\/\",\"name\":\"Mentions L\u00e9gales - SETAH\",\"isPartOf\":{\"@id\":\"https:\\\/\\\/setah.be\\\/#website\"},\"datePublished\":\"2025-12-08T08:15:19+00:00\",\"dateModified\":\"2025-12-08T08:15:20+00:00\",\"breadcrumb\":{\"@id\":\"https:\\\/\\\/setah.be\\\/index.php\\\/mentions-legales\\\/#breadcrumb\"},\"inLanguage\":\"fr-FR\",\"potentialAction\":[{\"@type\":\"ReadAction\",\"target\":[\"https:\\\/\\\/setah.be\\\/index.php\\\/mentions-legales\\\/\"]}]},{\"@type\":\"BreadcrumbList\",\"@id\":\"https:\\\/\\\/setah.be\\\/index.php\\\/mentions-legales\\\/#breadcrumb\",\"itemListElement\":[{\"@type\":\"ListItem\",\"position\":1,\"name\":\"Accueil\",\"item\":\"https:\\\/\\\/setah.be\\\/\"},{\"@type\":\"ListItem\",\"position\":2,\"name\":\"Mentions L\u00e9gales\"}]},{\"@type\":\"WebSite\",\"@id\":\"https:\\\/\\\/setah.be\\\/#website\",\"url\":\"https:\\\/\\\/setah.be\\\/\",\"name\":\"SETAH\",\"description\":\"Salon des entreprises de travail adapt\u00e9 en Hainaut\",\"publisher\":{\"@id\":\"https:\\\/\\\/setah.be\\\/#organization\"},\"potentialAction\":[{\"@type\":\"SearchAction\",\"target\":{\"@type\":\"EntryPoint\",\"urlTemplate\":\"https:\\\/\\\/setah.be\\\/?s={search_term_string}\"},\"query-input\":{\"@type\":\"PropertyValueSpecification\",\"valueRequired\":true,\"valueName\":\"search_term_string\"}}],\"inLanguage\":\"fr-FR\"},{\"@type\":\"Organization\",\"@id\":\"https:\\\/\\\/setah.be\\\/#organization\",\"name\":\"SETAH\",\"url\":\"https:\\\/\\\/setah.be\\\/\",\"logo\":{\"@type\":\"ImageObject\",\"inLanguage\":\"fr-FR\",\"@id\":\"https:\\\/\\\/setah.be\\\/#\\\/schema\\\/logo\\\/image\\\/\",\"url\":\"https:\\\/\\\/setah.be\\\/wp-content\\\/uploads\\\/2021\\\/07\\\/Logo-SETAH.png\",\"contentUrl\":\"https:\\\/\\\/setah.be\\\/wp-content\\\/uploads\\\/2021\\\/07\\\/Logo-SETAH.png\",\"width\":646,\"height\":463,\"caption\":\"SETAH\"},\"image\":{\"@id\":\"https:\\\/\\\/setah.be\\\/#\\\/schema\\\/logo\\\/image\\\/\"}}]}<\/script>\n<!-- \/ Yoast SEO plugin. -->","yoast_head_json":{"title":"Mentions L\u00e9gales - SETAH","robots":{"index":"index","follow":"follow","max-snippet":"max-snippet:-1","max-image-preview":"max-image-preview:large","max-video-preview":"max-video-preview:-1"},"canonical":"https:\/\/setah.be\/index.php\/mentions-legales\/","og_locale":"fr_FR","og_type":"article","og_title":"Mentions L\u00e9gales - SETAH","og_description":"Editeur et h\u00e9bergeur du&nbsp;site&nbsp;: La Province de Hainaut, inscrite \u00e0 la BCE sous le n\u00b0 0207.656.610, dont les bureaux sont \u00e9tablis \u00e0 7000 MONS &#8211; 13 rue Verte, repr\u00e9sent\u00e9e par le Directeur g\u00e9n\u00e9ral provincial Sylvain UYSTPRUYST&nbsp;: E-Mail :&nbsp;info@hainaut-developpement.be&nbsp;T\u00e9l\u00e9phone : +32 65 34 25&nbsp;00 Responsabilit\u00e9 : Le pr\u00e9sent site a pour vocation de fournir des informations [&hellip;]","og_url":"https:\/\/setah.be\/index.php\/mentions-legales\/","og_site_name":"SETAH","article_modified_time":"2025-12-08T08:15:20+00:00","twitter_card":"summary_large_image","twitter_misc":{"Dur\u00e9e de lecture estim\u00e9e":"3 minutes"},"schema":{"@context":"https:\/\/schema.org","@graph":[{"@type":"WebPage","@id":"https:\/\/setah.be\/index.php\/mentions-legales\/","url":"https:\/\/setah.be\/index.php\/mentions-legales\/","name":"Mentions L\u00e9gales - SETAH","isPartOf":{"@id":"https:\/\/setah.be\/#website"},"datePublished":"2025-12-08T08:15:19+00:00","dateModified":"2025-12-08T08:15:20+00:00","breadcrumb":{"@id":"https:\/\/setah.be\/index.php\/mentions-legales\/#breadcrumb"},"inLanguage":"fr-FR","potentialAction":[{"@type":"ReadAction","target":["https:\/\/setah.be\/index.php\/mentions-legales\/"]}]},{"@type":"BreadcrumbList","@id":"https:\/\/setah.be\/index.php\/mentions-legales\/#breadcrumb","itemListElement":[{"@type":"ListItem","position":1,"name":"Accueil","item":"https:\/\/setah.be\/"},{"@type":"ListItem","position":2,"name":"Mentions L\u00e9gales"}]},{"@type":"WebSite","@id":"https:\/\/setah.be\/#website","url":"https:\/\/setah.be\/","name":"SETAH","description":"Salon des entreprises de travail adapt\u00e9 en Hainaut","publisher":{"@id":"https:\/\/setah.be\/#organization"},"potentialAction":[{"@type":"SearchAction","target":{"@type":"EntryPoint","urlTemplate":"https:\/\/setah.be\/?s={search_term_string}"},"query-input":{"@type":"PropertyValueSpecification","valueRequired":true,"valueName":"search_term_string"}}],"inLanguage":"fr-FR"},{"@type":"Organization","@id":"https:\/\/setah.be\/#organization","name":"SETAH","url":"https:\/\/setah.be\/","logo":{"@type":"ImageObject","inLanguage":"fr-FR","@id":"https:\/\/setah.be\/#\/schema\/logo\/image\/","url":"https:\/\/setah.be\/wp-content\/uploads\/2021\/07\/Logo-SETAH.png","contentUrl":"https:\/\/setah.be\/wp-content\/uploads\/2021\/07\/Logo-SETAH.png","width":646,"height":463,"caption":"SETAH"},"image":{"@id":"https:\/\/setah.be\/#\/schema\/logo\/image\/"}}]}},"_links":{"self":[{"href":"https:\/\/setah.be\/index.php\/wp-json\/wp\/v2\/pages\/14798","targetHints":{"allow":["GET"]}}],"collection":[{"href":"https:\/\/setah.be\/index.php\/wp-json\/wp\/v2\/pages"}],"about":[{"href":"https:\/\/setah.be\/index.php\/wp-json\/wp\/v2\/types\/page"}],"author":[{"embeddable":true,"href":"https:\/\/setah.be\/index.php\/wp-json\/wp\/v2\/users\/1"}],"replies":[{"embeddable":true,"href":"https:\/\/setah.be\/index.php\/wp-json\/wp\/v2\/comments?post=14798"}],"version-history":[{"count":1,"href":"https:\/\/setah.be\/index.php\/wp-json\/wp\/v2\/pages\/14798\/revisions"}],"predecessor-version":[{"id":14799,"href":"https:\/\/setah.be\/index.php\/wp-json\/wp\/v2\/pages\/14798\/revisions\/14799"}],"wp:attachment":[{"href":"https:\/\/setah.be\/index.php\/wp-json\/wp\/v2\/media?parent=14798"}],"curies":[{"name":"wp","href":"https:\/\/api.w.org\/{rel}","templated":true}]}}