{"id":13444,"date":"2023-09-11T12:21:36","date_gmt":"2023-09-11T10:21:36","guid":{"rendered":"https:\/\/setah.be\/?page_id=13444"},"modified":"2023-10-03T10:16:07","modified_gmt":"2023-10-03T08:16:07","slug":"a-propos","status":"publish","type":"page","link":"https:\/\/setah.be\/index.php\/a-propos\/","title":{"rendered":"A propos"},"content":{"rendered":"\t\t<div data-elementor-type=\"wp-post\" data-elementor-id=\"13444\" class=\"elementor elementor-13444\">\n\t\t\t\t\t\t<section class=\"elementor-section elementor-top-section elementor-element elementor-element-959c609 elementor-section-boxed elementor-section-height-default elementor-section-height-default\" data-id=\"959c609\" data-element_type=\"section\" data-e-type=\"section\">\n\t\t\t\t\t\t<div class=\"elementor-container elementor-column-gap-no\">\n\t\t\t\t\t<div class=\"elementor-column elementor-col-100 elementor-top-column elementor-element elementor-element-7f69d57\" data-id=\"7f69d57\" data-element_type=\"column\" data-e-type=\"column\">\n\t\t\t<div class=\"elementor-widget-wrap elementor-element-populated\">\n\t\t\t\t\t\t<div class=\"elementor-element elementor-element-1c6b7f6 elementor-widget elementor-widget-spacer\" data-id=\"1c6b7f6\" data-element_type=\"widget\" data-e-type=\"widget\" data-widget_type=\"spacer.default\">\n\t\t\t\t<div class=\"elementor-widget-container\">\n\t\t\t\t\t\t\t<div class=\"elementor-spacer\">\n\t\t\t<div class=\"elementor-spacer-inner\"><\/div>\n\t\t<\/div>\n\t\t\t\t\t\t<\/div>\n\t\t\t\t<\/div>\n\t\t\t\t<div class=\"elementor-element elementor-element-a3c7e92 elementor-widget elementor-widget-text-editor\" data-id=\"a3c7e92\" data-element_type=\"widget\" data-e-type=\"widget\" data-widget_type=\"text-editor.default\">\n\t\t\t\t<div class=\"elementor-widget-container\">\n\t\t\t\t\t\t\t\t\t<p>Si Hainaut D\u00e9veloppement accompagne de longue date les entreprises hainuy\u00e8res, l\u2019attention envers le secteur des entreprises de travail adapt\u00e9 est, en revanche, plus r\u00e9cente.<\/p><p>Et cela n\u2019est pas le fruit du hasard.<\/p><p>Depuis 2022, Hainaut D\u00e9veloppement structure sa strat\u00e9gie autour de 7 transitions, au rang desquelles figurent la transition \u00e9conomique et la transition sociale.<\/p><p>Et quel plus bel exemple m\u00ealant, \u00e0 la fois, ces deux imp\u00e9ratifs que celui des ETA.<br \/>Conciliant finalit\u00e9 sociale et moyen \u00e9conomique, le d\u00e9fi des ETA est de garantir un emploi de qualit\u00e9 \u00e0 des personnes fragilis\u00e9es, tout en affichant un niveau de performance garantissant la viabilit\u00e9 de la structure.<\/p><p>Malheureusement, force est de constater que les clich\u00e9s sont toujours nombreux et que les raccourcis en mati\u00e8re de prix r\u00e9duits ou encore, de moindre qualit\u00e9 de travail, sont r\u00e9currents.<\/p><p>Pour que le mod\u00e8le puisse atteindre pleinement ses objectifs et permettre \u00e0 des travailleurs porteurs d\u2019un handicap de se r\u00e9aliser professionnellement et personnellement, il importe de lever le voile sur ce secteur qui reste largement m\u00e9connu.<\/p><p>C\u2019est pr\u00e9cis\u00e9ment ce que vise cette 1<sup>re<\/sup> \u00e9dition du Salon des Entreprises de Travail adapt\u00e9 en Hainaut ou SETAH.<\/p><p>Con\u00e7u comme une v\u00e9ritable vitrine des talents et savoir-faire, le SETAH aura pour ambition de changer la vision en mettant en \u00e9vidence les multiples possibilit\u00e9s offertes par les ETA aupr\u00e8s du grand public, bien \u00e9videmment, mais aussi des entreprises \u00ab\u00a0ordinaires\u00a0\u00bb avec lesquelles elles pourraient nouer des relations d\u2019affaires porteuses. C\u2019est d\u2019ailleurs \u00e0 cet effet qu\u2019un business day sera organis\u00e9 dans le cadre du salon lors de la journ\u00e9e du 9 novembre 2023.<\/p><p>Et, puisque rien de cela ne serait possible sans l\u2019appui de travailleurs qualifi\u00e9s, un job day permettra aux demandeurs d\u2019emploi de rencontrer leurs potentiels futurs employeurs le 8 novembre 2023.<\/p><p>Ces deux journ\u00e9es seront \u00e9galement ouvertes \u00e0 tout particulier d\u00e9sireux de d\u00e9couvrir quels sont les multiples services qu\u2019une Entreprise de Travail adapt\u00e9 peut lui rendre.<\/p><p>En apportant sa contribution \u00e0 l\u2019organisation d\u2019un \u00e9v\u00e9nement d\u00e9di\u00e9 aux ETA, Hainaut D\u00e9veloppement se positionne sur une mission ch\u00e8re \u00e0 l\u2019Institution provinciale en faveur des personnes en situation de handicap et renforce encore ainsi son action au service de tous les citoyens hainuyers.<\/p><p>Cet \u00e9v\u00e9nement est co-organis\u00e9 par la F\u00e9d\u00e9ration des Entreprises de Travail adapt\u00e9 du Hainaut (FETAH), qui promeut fi\u00e8rement les 20 ETA de la Province du Hainaut et \u0153uvre activement \u00e0 la mise en avant de leurs savoir-faire.<\/p><p>En effet, ce salon offre aux entreprises et particuliers de la province la possibilit\u00e9 de trouver des partenaires fiables et flexibles pour des services sp\u00e9cialis\u00e9s et sur mesure. De plus, il permet aux chercheurs d&#8217;emploi porteurs d&rsquo;un handicap de trouver des d\u00e9bouch\u00e9s professionnels adapt\u00e9s aupr\u00e8s d\u2019entreprises respectueuses des valeurs humaines.<\/p><p>La FETAH participe pleinement \u00e0 la d\u00e9construction des id\u00e9es re\u00e7ues autour des ETA et encourage \u00e0 lever le voile sur un secteur alliant dynamique \u00e9conomique et sociale.<\/p><p>Partez \u00e0 la d\u00e9couverte d\u2019entreprises performantes et inclusives lors de ce salon in\u00e9dit en Wallonie!<\/p>\t\t\t\t\t\t\t\t<\/div>\n\t\t\t\t<\/div>\n\t\t\t\t\t<\/div>\n\t\t<\/div>\n\t\t\t\t\t<\/div>\n\t\t<\/section>\n\t\t\t\t<section class=\"elementor-section elementor-top-section elementor-element elementor-element-5ce73a0 elementor-section-boxed elementor-section-height-default elementor-section-height-default\" data-id=\"5ce73a0\" data-element_type=\"section\" data-e-type=\"section\" data-settings=\"{&quot;background_background&quot;:&quot;classic&quot;}\">\n\t\t\t\t\t\t<div class=\"elementor-container elementor-column-gap-default\">\n\t\t\t\t\t<div class=\"elementor-column elementor-col-50 elementor-top-column elementor-element elementor-element-07792a2\" data-id=\"07792a2\" data-element_type=\"column\" data-e-type=\"column\">\n\t\t\t<div class=\"elementor-widget-wrap elementor-element-populated\">\n\t\t\t\t\t\t<div class=\"elementor-element elementor-element-f9bd9f4 elementor-widget elementor-widget-spacer\" data-id=\"f9bd9f4\" data-element_type=\"widget\" data-e-type=\"widget\" data-widget_type=\"spacer.default\">\n\t\t\t\t<div class=\"elementor-widget-container\">\n\t\t\t\t\t\t\t<div class=\"elementor-spacer\">\n\t\t\t<div class=\"elementor-spacer-inner\"><\/div>\n\t\t<\/div>\n\t\t\t\t\t\t<\/div>\n\t\t\t\t<\/div>\n\t\t\t\t<div class=\"elementor-element elementor-element-1e34907 elementor-widget elementor-widget-image\" data-id=\"1e34907\" data-element_type=\"widget\" data-e-type=\"widget\" data-widget_type=\"image.default\">\n\t\t\t\t<div class=\"elementor-widget-container\">\n\t\t\t\t\t\t\t\t\t\t\t\t\t\t\t<img decoding=\"async\" width=\"326\" height=\"128\" src=\"https:\/\/setah.be\/wp-content\/uploads\/2021\/07\/LOGO_HD_ISO_TRANSPARANT.png\" class=\"attachment-large size-large wp-image-13171\" alt=\"Hainaut D\u00e9veloppement\" srcset=\"https:\/\/setah.be\/wp-content\/uploads\/2021\/07\/LOGO_HD_ISO_TRANSPARANT.png 326w, https:\/\/setah.be\/wp-content\/uploads\/2021\/07\/LOGO_HD_ISO_TRANSPARANT-300x118.png 300w\" sizes=\"(max-width: 326px) 100vw, 326px\" title=\"Hainaut D\u00e9veloppement\" \/>\t\t\t\t\t\t\t\t\t\t\t\t\t\t\t<\/div>\n\t\t\t\t<\/div>\n\t\t\t\t<div class=\"elementor-element elementor-element-68efd26 elementor-widget elementor-widget-spacer\" data-id=\"68efd26\" data-element_type=\"widget\" data-e-type=\"widget\" data-widget_type=\"spacer.default\">\n\t\t\t\t<div class=\"elementor-widget-container\">\n\t\t\t\t\t\t\t<div class=\"elementor-spacer\">\n\t\t\t<div class=\"elementor-spacer-inner\"><\/div>\n\t\t<\/div>\n\t\t\t\t\t\t<\/div>\n\t\t\t\t<\/div>\n\t\t\t\t\t<\/div>\n\t\t<\/div>\n\t\t\t\t<div class=\"elementor-column elementor-col-50 elementor-top-column elementor-element elementor-element-2e39afc\" data-id=\"2e39afc\" data-element_type=\"column\" data-e-type=\"column\">\n\t\t\t<div class=\"elementor-widget-wrap elementor-element-populated\">\n\t\t\t\t\t\t<div class=\"elementor-element elementor-element-5d85987 elementor-widget elementor-widget-image\" data-id=\"5d85987\" data-element_type=\"widget\" data-e-type=\"widget\" data-widget_type=\"image.default\">\n\t\t\t\t<div class=\"elementor-widget-container\">\n\t\t\t\t\t\t\t\t\t\t\t\t\t\t\t<img fetchpriority=\"high\" decoding=\"async\" width=\"420\" height=\"175\" src=\"https:\/\/setah.be\/wp-content\/uploads\/2021\/07\/logo-fetah.png\" class=\"attachment-large size-large wp-image-13170\" alt=\"FETAH\" srcset=\"https:\/\/setah.be\/wp-content\/uploads\/2021\/07\/logo-fetah.png 420w, https:\/\/setah.be\/wp-content\/uploads\/2021\/07\/logo-fetah-300x125.png 300w\" sizes=\"(max-width: 420px) 100vw, 420px\" title=\"FETAH\" \/>\t\t\t\t\t\t\t\t\t\t\t\t\t\t\t<\/div>\n\t\t\t\t<\/div>\n\t\t\t\t\t<\/div>\n\t\t<\/div>\n\t\t\t\t\t<\/div>\n\t\t<\/section>\n\t\t\t\t<\/div>\n\t\t","protected":false},"excerpt":{"rendered":"<p>Si Hainaut D\u00e9veloppement accompagne de longue date les entreprises hainuy\u00e8res, l\u2019attention envers le secteur des entreprises de travail adapt\u00e9 est, en revanche, plus r\u00e9cente. Et cela n\u2019est pas le fruit du hasard. Depuis 2022, Hainaut D\u00e9veloppement structure sa strat\u00e9gie autour de 7 transitions, au rang desquelles figurent la transition \u00e9conomique et la transition sociale. Et [&hellip;]<\/p>\n","protected":false},"author":1,"featured_media":0,"parent":0,"menu_order":0,"comment_status":"closed","ping_status":"closed","template":"","meta":{"footnotes":""},"class_list":["post-13444","page","type-page","status-publish","hentry"],"yoast_head":"<!-- This site is optimized with the Yoast SEO plugin v27.5 - https:\/\/yoast.com\/product\/yoast-seo-wordpress\/ -->\n<title>A propos - SETAH<\/title>\n<meta name=\"robots\" content=\"index, follow, max-snippet:-1, max-image-preview:large, max-video-preview:-1\" \/>\n<link rel=\"canonical\" href=\"https:\/\/setah.be\/index.php\/a-propos\/\" \/>\n<meta property=\"og:locale\" content=\"fr_FR\" \/>\n<meta property=\"og:type\" content=\"article\" \/>\n<meta property=\"og:title\" content=\"A propos - SETAH\" \/>\n<meta property=\"og:description\" content=\"Si Hainaut D\u00e9veloppement accompagne de longue date les entreprises hainuy\u00e8res, l\u2019attention envers le secteur des entreprises de travail adapt\u00e9 est, en revanche, plus r\u00e9cente. Et cela n\u2019est pas le fruit du hasard. Depuis 2022, Hainaut D\u00e9veloppement structure sa strat\u00e9gie autour de 7 transitions, au rang desquelles figurent la transition \u00e9conomique et la transition sociale. Et [&hellip;]\" \/>\n<meta property=\"og:url\" content=\"https:\/\/setah.be\/index.php\/a-propos\/\" \/>\n<meta property=\"og:site_name\" content=\"SETAH\" \/>\n<meta property=\"article:modified_time\" content=\"2023-10-03T08:16:07+00:00\" \/>\n<meta property=\"og:image\" content=\"https:\/\/setah.be\/wp-content\/uploads\/2021\/07\/LOGO_HD_ISO_TRANSPARANT.png\" \/>\n<meta name=\"twitter:card\" content=\"summary_large_image\" \/>\n<meta name=\"twitter:label1\" content=\"Dur\u00e9e de lecture estim\u00e9e\" \/>\n\t<meta name=\"twitter:data1\" content=\"3 minutes\" \/>\n<script type=\"application\/ld+json\" class=\"yoast-schema-graph\">{\"@context\":\"https:\\\/\\\/schema.org\",\"@graph\":[{\"@type\":\"WebPage\",\"@id\":\"https:\\\/\\\/setah.be\\\/index.php\\\/a-propos\\\/\",\"url\":\"https:\\\/\\\/setah.be\\\/index.php\\\/a-propos\\\/\",\"name\":\"A propos - SETAH\",\"isPartOf\":{\"@id\":\"https:\\\/\\\/setah.be\\\/#website\"},\"primaryImageOfPage\":{\"@id\":\"https:\\\/\\\/setah.be\\\/index.php\\\/a-propos\\\/#primaryimage\"},\"image\":{\"@id\":\"https:\\\/\\\/setah.be\\\/index.php\\\/a-propos\\\/#primaryimage\"},\"thumbnailUrl\":\"https:\\\/\\\/setah.be\\\/wp-content\\\/uploads\\\/2021\\\/07\\\/LOGO_HD_ISO_TRANSPARANT.png\",\"datePublished\":\"2023-09-11T10:21:36+00:00\",\"dateModified\":\"2023-10-03T08:16:07+00:00\",\"breadcrumb\":{\"@id\":\"https:\\\/\\\/setah.be\\\/index.php\\\/a-propos\\\/#breadcrumb\"},\"inLanguage\":\"fr-FR\",\"potentialAction\":[{\"@type\":\"ReadAction\",\"target\":[\"https:\\\/\\\/setah.be\\\/index.php\\\/a-propos\\\/\"]}]},{\"@type\":\"ImageObject\",\"inLanguage\":\"fr-FR\",\"@id\":\"https:\\\/\\\/setah.be\\\/index.php\\\/a-propos\\\/#primaryimage\",\"url\":\"https:\\\/\\\/setah.be\\\/wp-content\\\/uploads\\\/2021\\\/07\\\/LOGO_HD_ISO_TRANSPARANT.png\",\"contentUrl\":\"https:\\\/\\\/setah.be\\\/wp-content\\\/uploads\\\/2021\\\/07\\\/LOGO_HD_ISO_TRANSPARANT.png\",\"width\":326,\"height\":128,\"caption\":\"Hainaut D\u00e9veloppement\"},{\"@type\":\"BreadcrumbList\",\"@id\":\"https:\\\/\\\/setah.be\\\/index.php\\\/a-propos\\\/#breadcrumb\",\"itemListElement\":[{\"@type\":\"ListItem\",\"position\":1,\"name\":\"Accueil\",\"item\":\"https:\\\/\\\/setah.be\\\/\"},{\"@type\":\"ListItem\",\"position\":2,\"name\":\"A propos\"}]},{\"@type\":\"WebSite\",\"@id\":\"https:\\\/\\\/setah.be\\\/#website\",\"url\":\"https:\\\/\\\/setah.be\\\/\",\"name\":\"SETAH\",\"description\":\"Salon des entreprises de travail adapt\u00e9 en Hainaut\",\"publisher\":{\"@id\":\"https:\\\/\\\/setah.be\\\/#organization\"},\"potentialAction\":[{\"@type\":\"SearchAction\",\"target\":{\"@type\":\"EntryPoint\",\"urlTemplate\":\"https:\\\/\\\/setah.be\\\/?s={search_term_string}\"},\"query-input\":{\"@type\":\"PropertyValueSpecification\",\"valueRequired\":true,\"valueName\":\"search_term_string\"}}],\"inLanguage\":\"fr-FR\"},{\"@type\":\"Organization\",\"@id\":\"https:\\\/\\\/setah.be\\\/#organization\",\"name\":\"SETAH\",\"url\":\"https:\\\/\\\/setah.be\\\/\",\"logo\":{\"@type\":\"ImageObject\",\"inLanguage\":\"fr-FR\",\"@id\":\"https:\\\/\\\/setah.be\\\/#\\\/schema\\\/logo\\\/image\\\/\",\"url\":\"https:\\\/\\\/setah.be\\\/wp-content\\\/uploads\\\/2021\\\/07\\\/Logo-SETAH.png\",\"contentUrl\":\"https:\\\/\\\/setah.be\\\/wp-content\\\/uploads\\\/2021\\\/07\\\/Logo-SETAH.png\",\"width\":646,\"height\":463,\"caption\":\"SETAH\"},\"image\":{\"@id\":\"https:\\\/\\\/setah.be\\\/#\\\/schema\\\/logo\\\/image\\\/\"}}]}<\/script>\n<!-- \/ Yoast SEO plugin. -->","yoast_head_json":{"title":"A propos - SETAH","robots":{"index":"index","follow":"follow","max-snippet":"max-snippet:-1","max-image-preview":"max-image-preview:large","max-video-preview":"max-video-preview:-1"},"canonical":"https:\/\/setah.be\/index.php\/a-propos\/","og_locale":"fr_FR","og_type":"article","og_title":"A propos - SETAH","og_description":"Si Hainaut D\u00e9veloppement accompagne de longue date les entreprises hainuy\u00e8res, l\u2019attention envers le secteur des entreprises de travail adapt\u00e9 est, en revanche, plus r\u00e9cente. Et cela n\u2019est pas le fruit du hasard. Depuis 2022, Hainaut D\u00e9veloppement structure sa strat\u00e9gie autour de 7 transitions, au rang desquelles figurent la transition \u00e9conomique et la transition sociale. Et [&hellip;]","og_url":"https:\/\/setah.be\/index.php\/a-propos\/","og_site_name":"SETAH","article_modified_time":"2023-10-03T08:16:07+00:00","og_image":[{"url":"https:\/\/setah.be\/wp-content\/uploads\/2021\/07\/LOGO_HD_ISO_TRANSPARANT.png","type":"","width":"","height":""}],"twitter_card":"summary_large_image","twitter_misc":{"Dur\u00e9e de lecture estim\u00e9e":"3 minutes"},"schema":{"@context":"https:\/\/schema.org","@graph":[{"@type":"WebPage","@id":"https:\/\/setah.be\/index.php\/a-propos\/","url":"https:\/\/setah.be\/index.php\/a-propos\/","name":"A propos - SETAH","isPartOf":{"@id":"https:\/\/setah.be\/#website"},"primaryImageOfPage":{"@id":"https:\/\/setah.be\/index.php\/a-propos\/#primaryimage"},"image":{"@id":"https:\/\/setah.be\/index.php\/a-propos\/#primaryimage"},"thumbnailUrl":"https:\/\/setah.be\/wp-content\/uploads\/2021\/07\/LOGO_HD_ISO_TRANSPARANT.png","datePublished":"2023-09-11T10:21:36+00:00","dateModified":"2023-10-03T08:16:07+00:00","breadcrumb":{"@id":"https:\/\/setah.be\/index.php\/a-propos\/#breadcrumb"},"inLanguage":"fr-FR","potentialAction":[{"@type":"ReadAction","target":["https:\/\/setah.be\/index.php\/a-propos\/"]}]},{"@type":"ImageObject","inLanguage":"fr-FR","@id":"https:\/\/setah.be\/index.php\/a-propos\/#primaryimage","url":"https:\/\/setah.be\/wp-content\/uploads\/2021\/07\/LOGO_HD_ISO_TRANSPARANT.png","contentUrl":"https:\/\/setah.be\/wp-content\/uploads\/2021\/07\/LOGO_HD_ISO_TRANSPARANT.png","width":326,"height":128,"caption":"Hainaut D\u00e9veloppement"},{"@type":"BreadcrumbList","@id":"https:\/\/setah.be\/index.php\/a-propos\/#breadcrumb","itemListElement":[{"@type":"ListItem","position":1,"name":"Accueil","item":"https:\/\/setah.be\/"},{"@type":"ListItem","position":2,"name":"A propos"}]},{"@type":"WebSite","@id":"https:\/\/setah.be\/#website","url":"https:\/\/setah.be\/","name":"SETAH","description":"Salon des entreprises de travail adapt\u00e9 en Hainaut","publisher":{"@id":"https:\/\/setah.be\/#organization"},"potentialAction":[{"@type":"SearchAction","target":{"@type":"EntryPoint","urlTemplate":"https:\/\/setah.be\/?s={search_term_string}"},"query-input":{"@type":"PropertyValueSpecification","valueRequired":true,"valueName":"search_term_string"}}],"inLanguage":"fr-FR"},{"@type":"Organization","@id":"https:\/\/setah.be\/#organization","name":"SETAH","url":"https:\/\/setah.be\/","logo":{"@type":"ImageObject","inLanguage":"fr-FR","@id":"https:\/\/setah.be\/#\/schema\/logo\/image\/","url":"https:\/\/setah.be\/wp-content\/uploads\/2021\/07\/Logo-SETAH.png","contentUrl":"https:\/\/setah.be\/wp-content\/uploads\/2021\/07\/Logo-SETAH.png","width":646,"height":463,"caption":"SETAH"},"image":{"@id":"https:\/\/setah.be\/#\/schema\/logo\/image\/"}}]}},"_links":{"self":[{"href":"https:\/\/setah.be\/index.php\/wp-json\/wp\/v2\/pages\/13444","targetHints":{"allow":["GET"]}}],"collection":[{"href":"https:\/\/setah.be\/index.php\/wp-json\/wp\/v2\/pages"}],"about":[{"href":"https:\/\/setah.be\/index.php\/wp-json\/wp\/v2\/types\/page"}],"author":[{"embeddable":true,"href":"https:\/\/setah.be\/index.php\/wp-json\/wp\/v2\/users\/1"}],"replies":[{"embeddable":true,"href":"https:\/\/setah.be\/index.php\/wp-json\/wp\/v2\/comments?post=13444"}],"version-history":[{"count":19,"href":"https:\/\/setah.be\/index.php\/wp-json\/wp\/v2\/pages\/13444\/revisions"}],"predecessor-version":[{"id":14034,"href":"https:\/\/setah.be\/index.php\/wp-json\/wp\/v2\/pages\/13444\/revisions\/14034"}],"wp:attachment":[{"href":"https:\/\/setah.be\/index.php\/wp-json\/wp\/v2\/media?parent=13444"}],"curies":[{"name":"wp","href":"https:\/\/api.w.org\/{rel}","templated":true}]}}