{"id":13096,"date":"2023-07-27T13:06:03","date_gmt":"2023-07-27T11:06:03","guid":{"rendered":"https:\/\/setah.be\/?page_id=13096"},"modified":"2025-12-08T09:14:12","modified_gmt":"2025-12-08T08:14:12","slug":"politique-de-confidentialite","status":"publish","type":"page","link":"https:\/\/setah.be\/index.php\/politique-de-confidentialite\/","title":{"rendered":"Politique de confidentialit\u00e9"},"content":{"rendered":"\t\t<div data-elementor-type=\"wp-page\" data-elementor-id=\"13096\" class=\"elementor elementor-13096\">\n\t\t\t\t\t\t<section class=\"elementor-section elementor-top-section elementor-element elementor-element-56852c21 elementor-section-boxed elementor-section-height-default elementor-section-height-default\" data-id=\"56852c21\" data-element_type=\"section\" data-e-type=\"section\">\n\t\t\t\t\t\t<div class=\"elementor-container elementor-column-gap-default\">\n\t\t\t\t\t<div class=\"elementor-column elementor-col-100 elementor-top-column elementor-element elementor-element-6b59d737\" data-id=\"6b59d737\" data-element_type=\"column\" data-e-type=\"column\">\n\t\t\t<div class=\"elementor-widget-wrap elementor-element-populated\">\n\t\t\t\t\t\t<div class=\"elementor-element elementor-element-755680da elementor-widget elementor-widget-text-editor\" data-id=\"755680da\" data-element_type=\"widget\" data-e-type=\"widget\" data-widget_type=\"text-editor.default\">\n\t\t\t\t<div class=\"elementor-widget-container\">\n\t\t\t\t\t\t\t\t\t<h1><br><\/h1>\n<div><strong><u>&nbsp;<\/u><\/strong><span style=\"color: rgb(59, 54, 99); font-family: Nunito; font-size: 30px; font-weight: 800;\">POLITIQUE DE CONFIDENTIALIT\u00c9.<\/span><\/div>\n<p style=\"margin-block: 0px 0.9rem; color: rgb(51, 51, 51); font-family: -apple-system, &quot;system-ui&quot;, &quot;Segoe UI&quot;, Roboto, &quot;Helvetica Neue&quot;, Arial, &quot;Noto Sans&quot;, sans-serif, &quot;Apple Color Emoji&quot;, &quot;Segoe UI Emoji&quot;, &quot;Segoe UI Symbol&quot;, &quot;Noto Color Emoji&quot;; font-size: 16px;\">La politique de confidentialit\u00e9 explique de fa\u00e7on transparente la mani\u00e8re dont la Province de Hainaut traite vos donn\u00e9es \u00e0 caract\u00e8re personnel<\/p><p style=\"margin-block: 0px 0.9rem; color: rgb(51, 51, 51); font-family: -apple-system, &quot;system-ui&quot;, &quot;Segoe UI&quot;, Roboto, &quot;Helvetica Neue&quot;, Arial, &quot;Noto Sans&quot;, sans-serif, &quot;Apple Color Emoji&quot;, &quot;Segoe UI Emoji&quot;, &quot;Segoe UI Symbol&quot;, &quot;Noto Color Emoji&quot;; font-size: 16px;\"><span style=\"font-weight: bolder;\">Le responsable du traitement est&nbsp;<u>le Coll\u00e8ge provincial, situ\u00e9 \u00e0 la rue verte, 13 \u00e0 7000&nbsp;Mons.<\/u><\/span><\/p><p style=\"margin-block: 0px 0.9rem; color: rgb(51, 51, 51); font-family: -apple-system, &quot;system-ui&quot;, &quot;Segoe UI&quot;, Roboto, &quot;Helvetica Neue&quot;, Arial, &quot;Noto Sans&quot;, sans-serif, &quot;Apple Color Emoji&quot;, &quot;Segoe UI Emoji&quot;, &quot;Segoe UI Symbol&quot;, &quot;Noto Color Emoji&quot;; font-size: 16px;\">Pour accomplir ses missions, la Province de Hainaut est tenue de traiter vos donn\u00e9es \u00e0 caract\u00e8re personnel conform\u00e9ment aux dispositions du R\u00e8glement (UE) 2016\/679 du Parlement europ\u00e9en et du Conseil du 27 avril 2016 relatif \u00e0 la protection des personnes physiques \u00e0 l\u2019\u00e9gard du traitement des donn\u00e9es \u00e0 caract\u00e8re personnel et \u00e0 la libre circulation de ces donn\u00e9es et de la loi du 30 juillet 2018 relative \u00e0 la protection des personnes physiques \u00e0 l\u2019\u00e9gard des traitements de donn\u00e9es \u00e0 caract\u00e8re personnel et aux r\u00e9glementations en mati\u00e8re de s\u00e9curit\u00e9 de l\u2019information.<\/p><h1 style=\"color: rgb(51, 51, 51); font-family: -apple-system, &quot;system-ui&quot;, &quot;Segoe UI&quot;, Roboto, &quot;Helvetica Neue&quot;, Arial, &quot;Noto Sans&quot;, sans-serif, &quot;Apple Color Emoji&quot;, &quot;Segoe UI Emoji&quot;, &quot;Segoe UI Symbol&quot;, &quot;Noto Color Emoji&quot;; font-weight: 500; line-height: 1.2; margin-block: 0.5rem 1rem; font-size: 2.5rem;\"><u>Vos droits<\/u><\/h1><p style=\"margin-block: 0px 0.9rem; color: rgb(51, 51, 51); font-family: -apple-system, &quot;system-ui&quot;, &quot;Segoe UI&quot;, Roboto, &quot;Helvetica Neue&quot;, Arial, &quot;Noto Sans&quot;, sans-serif, &quot;Apple Color Emoji&quot;, &quot;Segoe UI Emoji&quot;, &quot;Segoe UI Symbol&quot;, &quot;Noto Color Emoji&quot;; font-size: 16px;\">Vous disposez d\u2019une&nbsp;<span style=\"font-weight: bolder;\">s\u00e9rie de droits&nbsp;<\/span>(acc\u00e8s, information, rectification, portabilit\u00e9, effacement (droit \u00e0 l\u2019oubli), limitation, opposition, retrait de consentement) conform\u00e9ment aux articles 15 \u00e0 22 du R\u00e8glement G\u00e9n\u00e9ral sur la Protection des Donn\u00e9es \u00e0 caract\u00e8re personnel (RGPD), vous permettant de ne pas rester totalement passif par rapport \u00e0 l\u2019utilisation de vos donn\u00e9es.<\/p><p style=\"margin-block: 0px 0.9rem; color: rgb(51, 51, 51); font-family: -apple-system, &quot;system-ui&quot;, &quot;Segoe UI&quot;, Roboto, &quot;Helvetica Neue&quot;, Arial, &quot;Noto Sans&quot;, sans-serif, &quot;Apple Color Emoji&quot;, &quot;Segoe UI Emoji&quot;, &quot;Segoe UI Symbol&quot;, &quot;Noto Color Emoji&quot;; font-size: 16px;\">&nbsp;<\/p><p style=\"margin-block: 0px 0.9rem; color: rgb(51, 51, 51); font-family: -apple-system, &quot;system-ui&quot;, &quot;Segoe UI&quot;, Roboto, &quot;Helvetica Neue&quot;, Arial, &quot;Noto Sans&quot;, sans-serif, &quot;Apple Color Emoji&quot;, &quot;Segoe UI Emoji&quot;, &quot;Segoe UI Symbol&quot;, &quot;Noto Color Emoji&quot;; font-size: 16px;\">Cette demande d\u2019exercice des droits (qui doit \u00eatre accompagn\u00e9e de toute pi\u00e8ce justifiant de votre identit\u00e9) ou toute demande d\u2019information\/ renseignement est \u00e0 adresser au&nbsp;<span style=\"font-weight: bolder;\">D\u00e9l\u00e9gu\u00e9 \u00e0 la protection des donn\u00e9es (DPO),&nbsp;<\/span>soit&nbsp;<span style=\"font-weight: bolder;\">:<\/span><\/p><ul style=\"background-image: initial; background-position: initial; background-size: initial; background-repeat: initial; background-attachment: initial; background-origin: initial; background-clip: initial; border: 0px; font-size: 16px; margin-block: 0px; outline: 0px; vertical-align: baseline; color: rgb(51, 51, 51); font-family: -apple-system, &quot;system-ui&quot;, &quot;Segoe UI&quot;, Roboto, &quot;Helvetica Neue&quot;, Arial, &quot;Noto Sans&quot;, sans-serif, &quot;Apple Color Emoji&quot;, &quot;Segoe UI Emoji&quot;, &quot;Segoe UI Symbol&quot;, &quot;Noto Color Emoji&quot;;\"><li style=\"background: transparent; border: 0px; margin-block: 0px; outline: 0px; vertical-align: baseline;\">par lettre adress\u00e9e \u00e0 la cellule DPO, avenue G\u00e9n\u00e9ral de Gaulle, 102 \u00e0 7000&nbsp;MONS<\/li><li style=\"background: transparent; border: 0px; margin-block: 0px; outline: 0px; vertical-align: baseline;\">par e-mail \u00e0 l\u2019adresse \u00e9lectronique suivante :&nbsp;<a href=\"mailto:info.dpo@hainaut.be\" style=\"background-color: transparent; color: rgb(204, 51, 102);\">dpo@hainaut.be<\/a><\/li><\/ul><p style=\"margin-block: 0px 0.9rem; color: rgb(51, 51, 51); font-family: -apple-system, &quot;system-ui&quot;, &quot;Segoe UI&quot;, Roboto, &quot;Helvetica Neue&quot;, Arial, &quot;Noto Sans&quot;, sans-serif, &quot;Apple Color Emoji&quot;, &quot;Segoe UI Emoji&quot;, &quot;Segoe UI Symbol&quot;, &quot;Noto Color Emoji&quot;; font-size: 16px;\">&nbsp;<\/p><h1 style=\"color: rgb(51, 51, 51); font-family: -apple-system, &quot;system-ui&quot;, &quot;Segoe UI&quot;, Roboto, &quot;Helvetica Neue&quot;, Arial, &quot;Noto Sans&quot;, sans-serif, &quot;Apple Color Emoji&quot;, &quot;Segoe UI Emoji&quot;, &quot;Segoe UI Symbol&quot;, &quot;Noto Color Emoji&quot;; font-weight: 500; line-height: 1.2; margin-block: 0.5rem 1rem; font-size: 2.5rem;\"><u>S\u00e9curit\u00e9 et confidentialit\u00e9 des donn\u00e9es<\/u><\/h1><p style=\"margin-block: 0px 0.9rem; color: rgb(51, 51, 51); font-family: -apple-system, &quot;system-ui&quot;, &quot;Segoe UI&quot;, Roboto, &quot;Helvetica Neue&quot;, Arial, &quot;Noto Sans&quot;, sans-serif, &quot;Apple Color Emoji&quot;, &quot;Segoe UI Emoji&quot;, &quot;Segoe UI Symbol&quot;, &quot;Noto Color Emoji&quot;; font-size: 16px;\">La Province de Hainaut met en \u0153uvre les mesures techniques et organisationnelles afin de garantir un niveau de s\u00e9curit\u00e9 adapt\u00e9 au risque inh\u00e9rent \u00e0 ses op\u00e9rations de traitement, r\u00e9pondre aux exigences r\u00e8glementaires et prot\u00e9ger vos droits et vos donn\u00e9es d\u00e8s la conception des op\u00e9rations de traitement.<\/p><p style=\"margin-block: 0px 0.9rem; color: rgb(51, 51, 51); font-family: -apple-system, &quot;system-ui&quot;, &quot;Segoe UI&quot;, Roboto, &quot;Helvetica Neue&quot;, Arial, &quot;Noto Sans&quot;, sans-serif, &quot;Apple Color Emoji&quot;, &quot;Segoe UI Emoji&quot;, &quot;Segoe UI Symbol&quot;, &quot;Noto Color Emoji&quot;; font-size: 16px;\">Si la Province traite des images, vid\u00e9os et enregistrements vocaux, elle s\u2019engage \u00e0 ne pas les utiliser \u00e0 des fins commerciales et s\u2019interdit de toute exploitation \u00e0 des fins pr\u00e9judiciables, contraire \u00e0 la loi ou pouvant porter atteinte \u00e0 la vie priv\u00e9e \/ r\u00e9putation. Elle s\u2019efforcera dans la mesure du possible, de tenir \u00e0 disposition un justificatif de chaque diffusion sur simple demande. De plus, elle encouragera ses partenaires \u00e0 faire de m\u00eame et \u00e0 mettre en \u0153uvre tous les moyens n\u00e9cessaires \u00e0 la r\u00e9alisation de cet objectif.<\/p><h1 style=\"color: rgb(51, 51, 51); font-family: -apple-system, &quot;system-ui&quot;, &quot;Segoe UI&quot;, Roboto, &quot;Helvetica Neue&quot;, Arial, &quot;Noto Sans&quot;, sans-serif, &quot;Apple Color Emoji&quot;, &quot;Segoe UI Emoji&quot;, &quot;Segoe UI Symbol&quot;, &quot;Noto Color Emoji&quot;; font-weight: 500; line-height: 1.2; margin-block: 0.5rem 1rem; font-size: 2.5rem;\"><u>Voies de recours<\/u><\/h1><p style=\"margin-block: 0px 0.9rem; color: rgb(51, 51, 51); font-family: -apple-system, &quot;system-ui&quot;, &quot;Segoe UI&quot;, Roboto, &quot;Helvetica Neue&quot;, Arial, &quot;Noto Sans&quot;, sans-serif, &quot;Apple Color Emoji&quot;, &quot;Segoe UI Emoji&quot;, &quot;Segoe UI Symbol&quot;, &quot;Noto Color Emoji&quot;; font-size: 16px;\">Sans pr\u00e9judice de tout autre recours administratif ou juridictionnel, vous avez le droit d\u2019introduire une r\u00e9clamation aupr\u00e8s de l\u2019Autorit\u00e9 de protection des donn\u00e9es si vous consid\u00e9rez que vos droits ne sont pas respect\u00e9s ou qu\u2019un traitement de donn\u00e9es \u00e0 caract\u00e8re personnel vous concernant constitue une violation du&nbsp;RGPD.<\/p><p style=\"margin-block: 0px 0.9rem; color: rgb(51, 51, 51); font-family: -apple-system, &quot;system-ui&quot;, &quot;Segoe UI&quot;, Roboto, &quot;Helvetica Neue&quot;, Arial, &quot;Noto Sans&quot;, sans-serif, &quot;Apple Color Emoji&quot;, &quot;Segoe UI Emoji&quot;, &quot;Segoe UI Symbol&quot;, &quot;Noto Color Emoji&quot;; font-size: 16px;\">Pour introduire une r\u00e9clamation, adressez une demande \u00e0 l\u2019adresse suivante : Autorit\u00e9 de protection des donn\u00e9es, rue de la Presse 35 \u00e0 1000 Bruxelles (E-mail :&nbsp;<a href=\"mailto:contact@apd-gba.be\" style=\"background-color: transparent; color: rgb(204, 51, 102);\">contact@apd-gba.be)<\/a><\/p><p style=\"margin-block: 0px 0.9rem; color: rgb(51, 51, 51); font-family: -apple-system, &quot;system-ui&quot;, &quot;Segoe UI&quot;, Roboto, &quot;Helvetica Neue&quot;, Arial, &quot;Noto Sans&quot;, sans-serif, &quot;Apple Color Emoji&quot;, &quot;Segoe UI Emoji&quot;, &quot;Segoe UI Symbol&quot;, &quot;Noto Color Emoji&quot;; font-size: 16px;\">&nbsp;<\/p><h1 style=\"color: rgb(51, 51, 51); font-family: -apple-system, &quot;system-ui&quot;, &quot;Segoe UI&quot;, Roboto, &quot;Helvetica Neue&quot;, Arial, &quot;Noto Sans&quot;, sans-serif, &quot;Apple Color Emoji&quot;, &quot;Segoe UI Emoji&quot;, &quot;Segoe UI Symbol&quot;, &quot;Noto Color Emoji&quot;; font-weight: 500; line-height: 1.2; margin-block: 0.5rem 1rem; font-size: 2.5rem;\"><u>Mise \u00e0&nbsp;jour<\/u><\/h1><p style=\"margin-block: 0px 0.9rem; color: rgb(51, 51, 51); font-family: -apple-system, &quot;system-ui&quot;, &quot;Segoe UI&quot;, Roboto, &quot;Helvetica Neue&quot;, Arial, &quot;Noto Sans&quot;, sans-serif, &quot;Apple Color Emoji&quot;, &quot;Segoe UI Emoji&quot;, &quot;Segoe UI Symbol&quot;, &quot;Noto Color Emoji&quot;; font-size: 16px;\">La pr\u00e9sente politique est susceptible de faire l\u2019objet d\u2019\u00e9ventuelles mises \u00e0 jour. Il est d\u00e8s lors demand\u00e9 de la relire \u00e9pisodiquement afin d\u2019en \u00eatre inform\u00e9(e). La politique mise \u00e0 jour sera toujours conforme au R\u00e8glement g\u00e9n\u00e9ral sur la protection des donn\u00e9es.<\/p>\t\t\t\t\t\t\t\t<\/div>\n\t\t\t\t<\/div>\n\t\t\t\t\t<\/div>\n\t\t<\/div>\n\t\t\t\t\t<\/div>\n\t\t<\/section>\n\t\t\t\t<section class=\"elementor-section elementor-top-section elementor-element elementor-element-a15c407 elementor-section-boxed elementor-section-height-default elementor-section-height-default\" data-id=\"a15c407\" data-element_type=\"section\" data-e-type=\"section\">\n\t\t\t\t\t\t<div class=\"elementor-container elementor-column-gap-default\">\n\t\t\t\t\t<div class=\"elementor-column elementor-col-100 elementor-top-column elementor-element elementor-element-6ab6dc6\" data-id=\"6ab6dc6\" data-element_type=\"column\" data-e-type=\"column\">\n\t\t\t<div class=\"elementor-widget-wrap elementor-element-populated\">\n\t\t\t\t\t\t<div class=\"elementor-element elementor-element-21ee9c5 elementor-widget elementor-widget-spacer\" data-id=\"21ee9c5\" data-element_type=\"widget\" data-e-type=\"widget\" data-widget_type=\"spacer.default\">\n\t\t\t\t<div class=\"elementor-widget-container\">\n\t\t\t\t\t\t\t<div class=\"elementor-spacer\">\n\t\t\t<div class=\"elementor-spacer-inner\"><\/div>\n\t\t<\/div>\n\t\t\t\t\t\t<\/div>\n\t\t\t\t<\/div>\n\t\t\t\t\t<\/div>\n\t\t<\/div>\n\t\t\t\t\t<\/div>\n\t\t<\/section>\n\t\t\t\t<\/div>\n\t\t","protected":false},"excerpt":{"rendered":"<p>&nbsp;POLITIQUE DE CONFIDENTIALIT\u00c9. La politique de confidentialit\u00e9 explique de fa\u00e7on transparente la mani\u00e8re dont la Province de Hainaut traite vos donn\u00e9es \u00e0 caract\u00e8re personnel Le responsable du traitement est&nbsp;le Coll\u00e8ge provincial, situ\u00e9 \u00e0 la rue verte, 13 \u00e0 7000&nbsp;Mons. Pour accomplir ses missions, la Province de Hainaut est tenue de traiter vos donn\u00e9es \u00e0 caract\u00e8re [&hellip;]<\/p>\n","protected":false},"author":1,"featured_media":0,"parent":0,"menu_order":0,"comment_status":"closed","ping_status":"closed","template":"","meta":{"footnotes":""},"class_list":["post-13096","page","type-page","status-publish","hentry"],"yoast_head":"<!-- This site is optimized with the Yoast SEO plugin v27.4 - https:\/\/yoast.com\/product\/yoast-seo-wordpress\/ -->\n<title>Politique de confidentialit\u00e9 - SETAH<\/title>\n<meta name=\"robots\" content=\"index, follow, max-snippet:-1, max-image-preview:large, max-video-preview:-1\" \/>\n<link rel=\"canonical\" href=\"https:\/\/setah.be\/index.php\/politique-de-confidentialite\/\" \/>\n<meta property=\"og:locale\" content=\"fr_FR\" \/>\n<meta property=\"og:type\" content=\"article\" \/>\n<meta property=\"og:title\" content=\"Politique de confidentialit\u00e9 - SETAH\" \/>\n<meta property=\"og:description\" content=\"&nbsp;POLITIQUE DE CONFIDENTIALIT\u00c9. La politique de confidentialit\u00e9 explique de fa\u00e7on transparente la mani\u00e8re dont la Province de Hainaut traite vos donn\u00e9es \u00e0 caract\u00e8re personnel Le responsable du traitement est&nbsp;le Coll\u00e8ge provincial, situ\u00e9 \u00e0 la rue verte, 13 \u00e0 7000&nbsp;Mons. Pour accomplir ses missions, la Province de Hainaut est tenue de traiter vos donn\u00e9es \u00e0 caract\u00e8re [&hellip;]\" \/>\n<meta property=\"og:url\" content=\"https:\/\/setah.be\/index.php\/politique-de-confidentialite\/\" \/>\n<meta property=\"og:site_name\" content=\"SETAH\" \/>\n<meta property=\"article:modified_time\" content=\"2025-12-08T08:14:12+00:00\" \/>\n<meta name=\"twitter:card\" content=\"summary_large_image\" \/>\n<meta name=\"twitter:label1\" content=\"Dur\u00e9e de lecture estim\u00e9e\" \/>\n\t<meta name=\"twitter:data1\" content=\"3 minutes\" \/>\n<script type=\"application\/ld+json\" class=\"yoast-schema-graph\">{\"@context\":\"https:\\\/\\\/schema.org\",\"@graph\":[{\"@type\":\"WebPage\",\"@id\":\"https:\\\/\\\/setah.be\\\/index.php\\\/politique-de-confidentialite\\\/\",\"url\":\"https:\\\/\\\/setah.be\\\/index.php\\\/politique-de-confidentialite\\\/\",\"name\":\"Politique de confidentialit\u00e9 - SETAH\",\"isPartOf\":{\"@id\":\"https:\\\/\\\/setah.be\\\/#website\"},\"datePublished\":\"2023-07-27T11:06:03+00:00\",\"dateModified\":\"2025-12-08T08:14:12+00:00\",\"breadcrumb\":{\"@id\":\"https:\\\/\\\/setah.be\\\/index.php\\\/politique-de-confidentialite\\\/#breadcrumb\"},\"inLanguage\":\"fr-FR\",\"potentialAction\":[{\"@type\":\"ReadAction\",\"target\":[\"https:\\\/\\\/setah.be\\\/index.php\\\/politique-de-confidentialite\\\/\"]}]},{\"@type\":\"BreadcrumbList\",\"@id\":\"https:\\\/\\\/setah.be\\\/index.php\\\/politique-de-confidentialite\\\/#breadcrumb\",\"itemListElement\":[{\"@type\":\"ListItem\",\"position\":1,\"name\":\"Accueil\",\"item\":\"https:\\\/\\\/setah.be\\\/\"},{\"@type\":\"ListItem\",\"position\":2,\"name\":\"Politique de confidentialit\u00e9\"}]},{\"@type\":\"WebSite\",\"@id\":\"https:\\\/\\\/setah.be\\\/#website\",\"url\":\"https:\\\/\\\/setah.be\\\/\",\"name\":\"SETAH\",\"description\":\"Salon des entreprises de travail adapt\u00e9 en Hainaut\",\"publisher\":{\"@id\":\"https:\\\/\\\/setah.be\\\/#organization\"},\"potentialAction\":[{\"@type\":\"SearchAction\",\"target\":{\"@type\":\"EntryPoint\",\"urlTemplate\":\"https:\\\/\\\/setah.be\\\/?s={search_term_string}\"},\"query-input\":{\"@type\":\"PropertyValueSpecification\",\"valueRequired\":true,\"valueName\":\"search_term_string\"}}],\"inLanguage\":\"fr-FR\"},{\"@type\":\"Organization\",\"@id\":\"https:\\\/\\\/setah.be\\\/#organization\",\"name\":\"SETAH\",\"url\":\"https:\\\/\\\/setah.be\\\/\",\"logo\":{\"@type\":\"ImageObject\",\"inLanguage\":\"fr-FR\",\"@id\":\"https:\\\/\\\/setah.be\\\/#\\\/schema\\\/logo\\\/image\\\/\",\"url\":\"https:\\\/\\\/setah.be\\\/wp-content\\\/uploads\\\/2021\\\/07\\\/Logo-SETAH.png\",\"contentUrl\":\"https:\\\/\\\/setah.be\\\/wp-content\\\/uploads\\\/2021\\\/07\\\/Logo-SETAH.png\",\"width\":646,\"height\":463,\"caption\":\"SETAH\"},\"image\":{\"@id\":\"https:\\\/\\\/setah.be\\\/#\\\/schema\\\/logo\\\/image\\\/\"}}]}<\/script>\n<!-- \/ Yoast SEO plugin. -->","yoast_head_json":{"title":"Politique de confidentialit\u00e9 - SETAH","robots":{"index":"index","follow":"follow","max-snippet":"max-snippet:-1","max-image-preview":"max-image-preview:large","max-video-preview":"max-video-preview:-1"},"canonical":"https:\/\/setah.be\/index.php\/politique-de-confidentialite\/","og_locale":"fr_FR","og_type":"article","og_title":"Politique de confidentialit\u00e9 - SETAH","og_description":"&nbsp;POLITIQUE DE CONFIDENTIALIT\u00c9. La politique de confidentialit\u00e9 explique de fa\u00e7on transparente la mani\u00e8re dont la Province de Hainaut traite vos donn\u00e9es \u00e0 caract\u00e8re personnel Le responsable du traitement est&nbsp;le Coll\u00e8ge provincial, situ\u00e9 \u00e0 la rue verte, 13 \u00e0 7000&nbsp;Mons. Pour accomplir ses missions, la Province de Hainaut est tenue de traiter vos donn\u00e9es \u00e0 caract\u00e8re [&hellip;]","og_url":"https:\/\/setah.be\/index.php\/politique-de-confidentialite\/","og_site_name":"SETAH","article_modified_time":"2025-12-08T08:14:12+00:00","twitter_card":"summary_large_image","twitter_misc":{"Dur\u00e9e de lecture estim\u00e9e":"3 minutes"},"schema":{"@context":"https:\/\/schema.org","@graph":[{"@type":"WebPage","@id":"https:\/\/setah.be\/index.php\/politique-de-confidentialite\/","url":"https:\/\/setah.be\/index.php\/politique-de-confidentialite\/","name":"Politique de confidentialit\u00e9 - SETAH","isPartOf":{"@id":"https:\/\/setah.be\/#website"},"datePublished":"2023-07-27T11:06:03+00:00","dateModified":"2025-12-08T08:14:12+00:00","breadcrumb":{"@id":"https:\/\/setah.be\/index.php\/politique-de-confidentialite\/#breadcrumb"},"inLanguage":"fr-FR","potentialAction":[{"@type":"ReadAction","target":["https:\/\/setah.be\/index.php\/politique-de-confidentialite\/"]}]},{"@type":"BreadcrumbList","@id":"https:\/\/setah.be\/index.php\/politique-de-confidentialite\/#breadcrumb","itemListElement":[{"@type":"ListItem","position":1,"name":"Accueil","item":"https:\/\/setah.be\/"},{"@type":"ListItem","position":2,"name":"Politique de confidentialit\u00e9"}]},{"@type":"WebSite","@id":"https:\/\/setah.be\/#website","url":"https:\/\/setah.be\/","name":"SETAH","description":"Salon des entreprises de travail adapt\u00e9 en Hainaut","publisher":{"@id":"https:\/\/setah.be\/#organization"},"potentialAction":[{"@type":"SearchAction","target":{"@type":"EntryPoint","urlTemplate":"https:\/\/setah.be\/?s={search_term_string}"},"query-input":{"@type":"PropertyValueSpecification","valueRequired":true,"valueName":"search_term_string"}}],"inLanguage":"fr-FR"},{"@type":"Organization","@id":"https:\/\/setah.be\/#organization","name":"SETAH","url":"https:\/\/setah.be\/","logo":{"@type":"ImageObject","inLanguage":"fr-FR","@id":"https:\/\/setah.be\/#\/schema\/logo\/image\/","url":"https:\/\/setah.be\/wp-content\/uploads\/2021\/07\/Logo-SETAH.png","contentUrl":"https:\/\/setah.be\/wp-content\/uploads\/2021\/07\/Logo-SETAH.png","width":646,"height":463,"caption":"SETAH"},"image":{"@id":"https:\/\/setah.be\/#\/schema\/logo\/image\/"}}]}},"_links":{"self":[{"href":"https:\/\/setah.be\/index.php\/wp-json\/wp\/v2\/pages\/13096","targetHints":{"allow":["GET"]}}],"collection":[{"href":"https:\/\/setah.be\/index.php\/wp-json\/wp\/v2\/pages"}],"about":[{"href":"https:\/\/setah.be\/index.php\/wp-json\/wp\/v2\/types\/page"}],"author":[{"embeddable":true,"href":"https:\/\/setah.be\/index.php\/wp-json\/wp\/v2\/users\/1"}],"replies":[{"embeddable":true,"href":"https:\/\/setah.be\/index.php\/wp-json\/wp\/v2\/comments?post=13096"}],"version-history":[{"count":8,"href":"https:\/\/setah.be\/index.php\/wp-json\/wp\/v2\/pages\/13096\/revisions"}],"predecessor-version":[{"id":14797,"href":"https:\/\/setah.be\/index.php\/wp-json\/wp\/v2\/pages\/13096\/revisions\/14797"}],"wp:attachment":[{"href":"https:\/\/setah.be\/index.php\/wp-json\/wp\/v2\/media?parent=13096"}],"curies":[{"name":"wp","href":"https:\/\/api.w.org\/{rel}","templated":true}]}}